{"id":2,"date":"2022-02-20T18:35:01","date_gmt":"2022-02-20T18:35:01","guid":{"rendered":"http:\/\/mehterkiralama.net\/tr\/?page_id=2"},"modified":"2022-02-20T18:35:02","modified_gmt":"2022-02-20T18:35:02","slug":"sample-page","status":"publish","type":"page","link":"http:\/\/mehterkiralama.net\/tr\/","title":{"rendered":"Mehter Tak\u0131m\u0131 Kiralama, Uygun Fiyatlar"},"content":{"rendered":"<div class=\"container\">\n<div id=\"content\" class=\"page\">\n<div class=\"row\">\n<article id=\"p2\" class=\"post clear\">\n<section class=\"post-content clearfix\">\n<h1><\/h1>\n<h1><b style=\"font-size: 17px;\">Mehter Kiralama Organizasyon<\/b><span style=\"font-size: 17px; font-weight: normal;\"> ihtiyac\u0131n\u0131z i\u00e7in T\u00fcrkiyenin t\u00fcm b\u00f6lgelerinde her zaman hizmetinizdeyiz. Bize ula\u015f\u0131n, fiyat ve bilgi verelim. <\/span><b style=\"font-size: 17px;\">Mehter tak\u0131m\u0131 organizasyonu<\/b><span style=\"font-size: 17px; font-weight: normal;\"> ve etkinliklerinizi kaliteli kadromuzla \u00e7ok uygun fiyatlar ile ger\u00e7ekle\u015ftirelim. T\u00fcrkiyemizin t\u00fcm b\u00f6lgelere \u00f6zel paket programlar\u0131m\u0131zla da sizlere en uygun ko\u015fullarda m\u00fcmk\u00fcn olan en kaliteli hizmeti sunmal\u0131m.<\/span><\/h1>\n<div>\n<p><a class=\"btn btn-block btn-primary btn-lg\" href=\"tel:0532 318 06 05\">Hemen Aray\u0131n: 0532 318 06 05<\/a><\/p>\n<p><b>Mehter<\/b>, <b>mehteran<\/b> veya <b>Osmanl\u0131 Yeni\u00e7eri Askeri Bandosu<\/b> d\u00fcnyan\u0131n en eski askeri bando gruplar\u0131ndand\u0131r. \u0130slamiyetten \u00f6nceki T\u00fcrk devletlerinde de farkl\u0131 \u015fekillerde yer alm\u0131\u015ft\u0131r. <b>Mehter<\/b>\u2018de \u00fc\u00e7 \u00f6nemli sembol yer almaktad\u0131r ve bunlar ocak, sancak ve zaferdir.<\/p>\n<p><b>Osmanl\u0131 mehterinde<\/b>; zurna, boru, kurrenay ve mehter d\u00fcd\u00fc\u011f\u00fc gibi nefesli, \u00fcflemeli, k\u00f6s, davul, nakkare, zil ve \u00e7evg\u00e2n gibi vurmal\u0131 ya da \u00e7arpmal\u0131 \u00e7alg\u0131lar yer alm\u0131\u015ft\u0131. \u00c7alg\u0131lar\u0131n say\u0131s\u0131 e\u015fit tutulur ve bu say\u0131ya dayanarak <b>mehterin<\/b> ka\u00e7 katl\u0131 oldu\u011fu belirlenirdi.<a href=\"http:\/\/www.mehterkiralama.net\/contact\/index.php\"> Mehter Kiralama<\/a><b><\/b><\/p>\n<h3>A\u00e7\u0131l\u0131\u015f Organizasyonu<\/h3>\n<p>\u0130\u015f Yeri A\u00e7\u0131l\u0131\u015flar\u0131n\u0131zda Mehter Tak\u0131m\u0131 Cadde Boyu Y\u00fcr\u00fcy\u00fc\u015fle Kalabal\u0131k Toplar, Mehter Tak\u0131m\u0131 G\u00f6sterisi \u2026<\/p>\n<p><a href=\"http:\/\/www.mehterkiralama.net\/index.php\"><strong>A\u00e7\u0131l\u0131\u015f Organizasyonu \u0130\u00e7inde ve Di\u011fer B\u00f6lgelerde Mehter Tak\u0131m\u0131 Kiralama<\/strong><\/a><br \/>\nA\u00e7\u0131l\u0131\u015f Organizasyonu A\u00e7\u0131l\u0131\u015f Organizasyonu, A\u00e7\u0131l\u0131\u015f Organizasyonu S\u00fcnnet D\u00fc\u011f\u00fcn\u00fc, A\u00e7\u0131l\u0131\u015f Organizasyonu D\u00fc\u011f\u00fcn Organizasyonu, A\u00e7\u0131l\u0131\u015f Organizasyonu Okul \u00dcniversite Dernek Belediye \u015eirket Ve Firmalar\u0131n<\/p>\n<p>Festival Bahar \u015eenlikleri Tan\u0131t\u0131mlar\u0131, Gelin \u00c7\u0131karma Organizasyonu, Asker U\u011furlama Organizasyonu Gibi Her T\u00fcrl\u00fc Organizasyonlar\u0131n\u0131zda Mehter Tak\u0131m\u0131 Olarak Hizmet Vermekten Mutluluk Duyar\u0131z\u2026<a href=\"http:\/\/www.mehterkiralama.net\/contact\/index.php\">Devam\u0131<\/a><\/p>\n<h3>S\u00fcnnet D\u00fc\u011f\u00fcn\u00fc<\/h3>\n<p>S\u00fcnnet D\u00fc\u011f\u00fcnlerinde Mehter Tak\u0131m\u0131 G\u00f6steri Yeni\u00c7eri Ve S\u00fcnnet Taht\u0131 \u0130hti\u015fam\u0131 Vazge\u00e7ilmezdir \u2026<\/p>\n<p><a href=\"http:\/\/www.mehterkiralama.net\/\"><strong>S\u00fcnnet D\u00fc\u011f\u00fcn\u00fc Organizasyonu Mehter Tak\u0131m\u0131 Kiralama<\/strong><\/a><br \/>\n\u00c7ocu\u011funuzun S\u00fcnnet D\u00fc\u011f\u00fcn\u00fcnde Osmanl\u0131 K\u00fclt\u00fcr\u00fcn\u00fc Ya\u015famak, Misafirlerinizi Etkilemek, \u00c7o\u00e7u\u011funuzun Anlatacak An\u0131lar\u0131 Olmas\u0131nu\u0131 \u0130stiyorsan\u0131z Mehter Tak\u0131m\u0131 Olarak Size Yard\u0131mc\u0131 Olmaktan Mutluluk Duyar\u0131z.<\/p>\n<p><a href=\"http:\/\/www.mehterkiralama.net\/contact\/index.php\">S\u00fcnnet D\u00fc\u011f\u00fcn\u00fc Gecesi Mehter Tak\u0131m\u0131<\/a> istenilen saatte nizami bir y\u00fcr\u00fcy\u00fc\u015fle s\u00fcnnet d\u00fc\u011f\u00fcn\u00fc organizasyonunun yap\u0131ld\u0131\u011f\u0131 alana Mehter Mar\u015f\u0131 ile giri\u015f yapar.<\/p>\n<p>Mehter Tak\u0131m\u0131 Mar\u015flar\u0131na ba\u015flar ve m\u00fczik ziyafeti ba\u015flar.<\/p>\n<p>D\u00fc\u011f\u00fcn \u00f6ncesinde de istenirse<a href=\"http:\/\/www.mehterkiralama.net\/\"> Mehter Tak\u0131m\u0131 ile Gelin \u00c7\u0131karma Organizasyonu<\/a> yap\u0131labilir. Mehter Ekibimiz Evinizin kap\u0131s\u0131nda dizili\u015fini yapar ve S\u00fcnnet \u00c7ocu\u011fu \u00e7\u0131kmadan \u00f6ncesinde Mehter Tak\u0131m\u0131 ortam\u0131 farkl\u0131 bir havaya sokar ard\u0131ndan S\u00fcnnet \u00c7ocu\u011fu kap\u0131 \u00e7\u0131k\u0131\u015f\u0131ndan itibaren arac\u0131na binene kadar Mehter Mar\u015flar\u0131 e\u015fli\u011finde u\u011furlan\u0131r.<\/p>\n<p>Mehter Tak\u0131m\u0131 S\u00fcnnet D\u00fc\u011f\u00fcn\u00fcnde Anla\u015fmaya G\u00f6re Bir Veya Daha Fazla Sahne Alabilirler.<\/p>\n<p>S\u00fcnnet D\u00fc\u011f\u00fcn\u00fc Mehter Kiralama \u0130\u00e7in L\u00fctfen Bizden Detayl\u0131 Bilgi Al\u0131n\u0131z\u2026<a href=\"http:\/\/www.mehterkiralama.net\/contact\/index.php\">Devam\u0131<\/a><\/p>\n<h3>Turist Kar\u015f\u0131lama<\/h3>\n<p>Yurt D\u0131\u015f\u0131ndan Turist Misafirlerinizin Osmanl\u0131 K\u00fclt\u00fcr\u00fcn\u00fc En \u0130yi Yan\u0131s\u0131tan Mehteran G\u00f6sterisiyle B\u00fcy\u00fclemek \u0130\u00e7in \u2026<\/p>\n<p><a href=\"http:\/\/www.mehterkiralama.net\/contact\/index.php\"><strong>Kar\u015f\u0131lama Organizasyonu Mehter Tak\u0131m\u0131 Kiralama<\/strong><\/a><br \/>\nMisafirlerinizi Mehter Tak\u0131m\u0131 \u0130le Kar\u015f\u0131lamak \u0130\u00e7in Mehter Tak\u0131m\u0131 Olarak Hizmetinizdeyiz<\/p>\n<p>D\u00fcnyaca \u00dcnl\u00fc Osmanl\u0131 Mehteri \u0130le Turist Misafirlerinizi Kar\u015f\u0131lama Onlar\u0131 Etkilemek Bir Daha Sizleri Ziyaret Etmek \u0130\u00e7in Sab\u0131rs\u0131zlanmalar\u0131n\u0131 Ve Unutulmaz Bir Ba\u015flang\u0131\u00e7 Yapmalar\u0131n\u0131 \u0130stiyorsan\u0131z Bizi Aray\u0131n\u0131z<\/p>\n<p><a href=\"http:\/\/www.mehterkiralama.net\/contact\/index.php\">Turist Kar\u015f\u0131lama Organizasyonu Sizlerin \u0130ste\u011fi \u00dczere Vapur \u0130skelesinde, Hava Liman\u0131nda, Tren Gar\u0131nda, Otob\u00fcs Terminalinde Veya Otel Giri\u015finde Olabilir<\/a><\/p>\n<p><a href=\"http:\/\/www.mehterkiralama.net\/contact\/index.php\">Mehter Tak\u0131m\u0131 \u0130le<\/a><a href=\"http:\/\/www.mehterkiralama.net\/contact\/index.php\"> Misafirlerinizi Kar\u015f\u0131lama Organizasyonunda Oldu\u011fu Gibi U\u011furlama Esnas\u0131ndada Etkili Ve Unutulmaz Yolcu Edebilirsiniz.<\/a><\/p>\n<p><a href=\"http:\/\/www.mehterkiralama.net\/contact\/index.php\">Mehter Tak\u0131m\u0131 \u0130le Kar\u015f\u0131lama Ve U\u011furlama Organizasyonu \u0130\u00e7in L\u00fctfen Bizi Aray\u0131n\u0131z\u2026<\/a><a href=\"http:\/\/www.mehterkiralama.net\/contact\/index.php\">Devam\u0131<\/a><\/p>\n<h4>Mehteran Konseri<\/h4>\n<p>Mehteran G\u00f6sterisi \u0130le Tarihin Co\u015fkusunu Hissetmek \u0130\u00e7in\u2026<\/p>\n<p><strong>Mehter<\/strong>, Osmanl\u0131 Yeni\u00e7eri Askeri Bandosu d\u00fcnyan\u0131n en eski askeri bandolar\u0131ndan birisidir. Fars\u00e7adaki \u201cmihter\u201d kelimesinden t\u00fcremi\u015ftir. \u0130slamiyetten \u00f6nceki T\u00fcrk devletlerinde, k\u00fc\u00e7\u00fck de\u011fi\u015fikliklerle yer alm\u0131\u015ft\u0131r.\u00dc\u00e7 \u00f6nemli sembol yer al\u0131r; ocak, sancak ve zafer.<\/p>\n<p><a title=\"Mehter Konseri\" href=\"http:\/\/www.mehterkiralama.net\/contact\/index.php\"><strong>Osmanl\u0131 mehterinde<\/strong>; zurna, boru, kurrenay ve mehter d\u00fcd\u00fc\u011f\u00fc gibi nefesli, \u00fcflemeli, k\u00f6s, davul, nakkare, zil ve \u00e7evg\u00e2n gibi vurmal\u0131 ya da \u00e7arpmal\u0131 \u00e7alg\u0131lar yer alm\u0131\u015ft\u0131. T\u00fcm \u00e7alg\u0131lar\u0131n say\u0131s\u0131 e\u015fit tutulmu\u015f ve bu say\u0131ya dayanarak mehterin ka\u00e7 katl\u0131 oldu\u011fu belirlenirdi.<\/a><\/p>\n<p><a title=\"\" href=\"http:\/\/www.mehterkiralama.net\/contact\/index.php\"><strong>Mehteran b\u00f6l\u00fc\u011f\u00fc<\/strong><\/a> , 1826 y\u0131l\u0131nda Padi\u015fah II. Mahmut taraf\u0131ndan Yeni\u00e7eri, Ahi ve Bekta\u015fi Ocaklar\u0131yla birlite kapat\u0131lm\u0131\u015f ve 1908 y\u0131l\u0131nda Enver Pa\u015fa taraf\u0131ndan yeniden a\u00e7\u0131lm\u0131\u015ft\u0131r.<\/p>\n<p><a title=\"\" href=\"http:\/\/www.mehterkiralama.net\/contact\/index.php\"><strong>Mehter te\u015fkilat\u0131<\/strong><\/a> n\u0131n ba\u015f\u0131nda devletin Emiri Alem denen bir memuriyet makam\u0131 vard\u0131.Mehterhane ve onun ba\u015f\u0131 olan mehterba\u015f\u0131 ona ba\u011fl\u0131 idi.B\u00fct\u00fcn mehter te\u015fkilat\u0131n\u0131n ba\u015f\u0131 olan Emri Alem Mehter b\u00f6l\u00fcklerine yap\u0131lacak teyinleri tastik etmek, El\u00e7i kabul t\u00f6renlerinde haz\u0131r bulunmak, Sancak beyli\u011fine tayin edilen kimseye yeni sancak iletmek ve g\u00f6ndermek gibi selahiyetlere sahipti.<\/p>\n<p>1826 y\u0131l\u0131nda Yeni\u00e7eri Oca\u011f\u0131 ba\u011flant\u0131l\u0131 Mehterhane ve Ahi Ocaklar\u0131 kapat\u0131ld\u0131\u2026<a href=\"http:\/\/www.mehterkiralama.net\/contact\/index.php\">Devam\u0131<\/a><\/p>\n<p><strong>S\u0130TEM\u0130Z YAPIM A\u015eAMASINDADIR EN KISA S\u00dcREDE YEN\u0130 G\u00d6RSELL\u0130\u011e\u0130YLE H\u0130ZMET\u0130N\u0130ZDE OLACA\u011eIZ<\/strong><\/p>\n<p><b>Mehter Kiralama Organizasyonu \u2013 Hayal Balon S\u00fcsleme \u2013 A\u00e7\u0131l\u0131\u015f Organizasyonu \u2013 Mehter Tak\u0131m\u0131 Kiralama \u2013 <u><a href=\"tel:0532 318 06 05\">0532 318 06 05<\/a><\/u><\/b><\/p>\n<\/div>\n<\/section>\n<\/article>\n<\/div>\n<\/div>\n<\/div>\n<footer>\n<div class=\"container\">\n<p><b>T\u00fcrkiyenin T\u00fcm B\u00f6lgelerine<\/b><\/p>\n<p>Sitemizin t\u00fcm i\u00e7eri\u011fi <u><a href=\"http:\/\/www.hayalbalon.com\/\">Mehter Tak\u0131m\u0131 Kiralama<\/a><\/u> korumas\u0131 alt\u0131ndad\u0131r!<\/p>\n<\/div>\n<\/footer>\n","protected":false},"excerpt":{"rendered":"<p>Mehter Kiralama Organizasyon ihtiyac\u0131n\u0131z i\u00e7in T\u00fcrkiyenin t\u00fcm b\u00f6lgelerinde her zaman hizmetinizdeyiz. Bize ula\u015f\u0131n, fiyat ve bilgi verelim. Mehter tak\u0131m\u0131 organizasyonu ve etkinliklerinizi kaliteli kadromuzla \u00e7ok uygun fiyatlar ile ger\u00e7ekle\u015ftirelim. T\u00fcrkiyemizin t\u00fcm b\u00f6lgelere \u00f6zel paket programlar\u0131m\u0131zla da sizlere en uygun ko\u015fullarda m\u00fcmk\u00fcn olan en kaliteli hizmeti sunmal\u0131m. Hemen Aray\u0131n: 0532 318 06 05 Mehter, mehteran veya [&hellip;]<\/p>\n","protected":false},"author":1,"featured_media":974,"parent":0,"menu_order":0,"comment_status":"closed","ping_status":"open","template":"","meta":[],"_links":{"self":[{"href":"http:\/\/mehterkiralama.net\/tr\/wp-json\/wp\/v2\/pages\/2"}],"collection":[{"href":"http:\/\/mehterkiralama.net\/tr\/wp-json\/wp\/v2\/pages"}],"about":[{"href":"http:\/\/mehterkiralama.net\/tr\/wp-json\/wp\/v2\/types\/page"}],"author":[{"embeddable":true,"href":"http:\/\/mehterkiralama.net\/tr\/wp-json\/wp\/v2\/users\/1"}],"replies":[{"embeddable":true,"href":"http:\/\/mehterkiralama.net\/tr\/wp-json\/wp\/v2\/comments?post=2"}],"version-history":[{"count":1,"href":"http:\/\/mehterkiralama.net\/tr\/wp-json\/wp\/v2\/pages\/2\/revisions"}],"predecessor-version":[{"id":1020,"href":"http:\/\/mehterkiralama.net\/tr\/wp-json\/wp\/v2\/pages\/2\/revisions\/1020"}],"wp:featuredmedia":[{"embeddable":true,"href":"http:\/\/mehterkiralama.net\/tr\/wp-json\/wp\/v2\/media\/974"}],"wp:attachment":[{"href":"http:\/\/mehterkiralama.net\/tr\/wp-json\/wp\/v2\/media?parent=2"}],"curies":[{"name":"wp","href":"https:\/\/api.w.org\/{rel}","templated":true}]}}